{"id":5997,"date":"2017-01-09T13:12:13","date_gmt":"2017-01-09T13:12:13","guid":{"rendered":"http:\/\/sinservregional.com.br\/site\/?page_id=5997"},"modified":"2018-03-14T20:45:11","modified_gmt":"2018-03-14T20:45:11","slug":"servicos-oferecidos-pelo-sinserv","status":"publish","type":"page","link":"https:\/\/sinservregional.com.br\/site\/?page_id=5997","title":{"rendered":"Servi\u00e7os"},"content":{"rendered":"<p><strong>Servi\u00e7os oferecidos pelo SINSERV<\/strong><\/p>\n<p>&#8211; Carteirinha de Identifica\u00e7\u00e3o do Associado (expedi\u00e7\u00e3o suspensa temporariamente);<\/p>\n<p>&#8211; Orienta\u00e7\u00e3o Sindical, plant\u00e3o de diretores;<\/p>\n<p>&#8211; Atendimento Psicol\u00f3gico em parceria com a COGNE &#8211; Psicologia Cl\u00ednica Especializada;<\/p>\n<p>&#8211; Atendimento Jur\u00eddico com os advogados plantonistas;<\/p>\n<p>&#8211; Desconto em cursos oferecidos pela Faculdade de Tecnologia e Ci\u00eancia (FTC), Campus de Jequi\u00e9;<\/p>\n<p><em>Obs .: Para mais informa\u00e7\u00f5es sobre estes e outros servi\u00e7os oferecidos pelo SINSERV, o associado deve entrar em contato conosco ou procurar-nos na sede do sindicato, segunda a sexta-feira no hor\u00e1rio comercial. Telefone (73) 3525-5461.<\/em><\/p>\n<p>&nbsp;<\/p>\n","protected":false},"excerpt":{"rendered":"<p>Servi\u00e7os oferecidos pelo SINSERV &#8211; Carteirinha de Identifica\u00e7\u00e3o do Associado (expedi\u00e7\u00e3o suspensa temporariamente); &#8211; Orienta\u00e7\u00e3o Sindical, plant\u00e3o de diretores; &#8211; Atendimento Psicol\u00f3gico em parceria com a COGNE &#8211; Psicologia Cl\u00ednica Especializada; &#8211; Atendimento Jur\u00eddico com os advogados plantonistas; &#8211; Desconto em cursos oferecidos pela Faculdade de Tecnologia e Ci\u00eancia (FTC), Campus de Jequi\u00e9; Obs .: &hellip; <\/p>\n","protected":false},"author":1,"featured_media":0,"parent":0,"menu_order":0,"comment_status":"closed","ping_status":"closed","template":"page-nosidebar.php","meta":{"footnotes":""},"class_list":["post-5997","page","type-page","status-publish","hentry"],"_links":{"self":[{"href":"https:\/\/sinservregional.com.br\/site\/index.php?rest_route=\/wp\/v2\/pages\/5997","targetHints":{"allow":["GET"]}}],"collection":[{"href":"https:\/\/sinservregional.com.br\/site\/index.php?rest_route=\/wp\/v2\/pages"}],"about":[{"href":"https:\/\/sinservregional.com.br\/site\/index.php?rest_route=\/wp\/v2\/types\/page"}],"author":[{"embeddable":true,"href":"https:\/\/sinservregional.com.br\/site\/index.php?rest_route=\/wp\/v2\/users\/1"}],"replies":[{"embeddable":true,"href":"https:\/\/sinservregional.com.br\/site\/index.php?rest_route=%2Fwp%2Fv2%2Fcomments&post=5997"}],"version-history":[{"count":9,"href":"https:\/\/sinservregional.com.br\/site\/index.php?rest_route=\/wp\/v2\/pages\/5997\/revisions"}],"predecessor-version":[{"id":7803,"href":"https:\/\/sinservregional.com.br\/site\/index.php?rest_route=\/wp\/v2\/pages\/5997\/revisions\/7803"}],"wp:attachment":[{"href":"https:\/\/sinservregional.com.br\/site\/index.php?rest_route=%2Fwp%2Fv2%2Fmedia&parent=5997"}],"curies":[{"name":"wp","href":"https:\/\/api.w.org\/{rel}","templated":true}]}}