{"id":4020,"date":"2015-03-12T12:29:40","date_gmt":"2015-03-12T12:29:40","guid":{"rendered":"http:\/\/sinservregional.com.br\/site\/?page_id=4020"},"modified":"2026-01-29T15:01:09","modified_gmt":"2026-01-29T15:01:09","slug":"contato","status":"publish","type":"page","link":"https:\/\/sinservregional.com.br\/site\/?page_id=4020","title":{"rendered":"Contato"},"content":{"rendered":"<p>SINSERV &#8211; Sindicatos dos servidores p\u00fablicos municipais de Jequi\u00e9 e regi\u00e3o<\/p>\n<p>Av.\u00a0 Jos\u00e9 Moreira Sobrinho, 35 , Jequiezinho | Jequi\u00e9 &#8211; Bahia<\/p>\n<p><em><strong>Telefones: (73)3525-5461\/ 3527-7115<\/strong><\/em><\/p>\n<p><em><strong>E-mail: sinservjequie@gmail.com<\/strong><\/em><\/p>\n<p><a href=\"https:\/\/www.facebook.com\/sinserv.jequie\" target=\"_blank\" rel=\"noopener\"><em><strong>Face:\u00a0www.facebook.com\/sinserv.jequie<\/strong><\/em><\/a><\/p>\n","protected":false},"excerpt":{"rendered":"<p>SINSERV &#8211; Sindicatos dos servidores p\u00fablicos municipais de Jequi\u00e9 e regi\u00e3o Av.\u00a0 Jos\u00e9 Moreira Sobrinho, 35 , Jequiezinho | Jequi\u00e9 &#8211; Bahia Telefones: (73)3525-5461\/ 3527-7115 E-mail: sinservjequie@gmail.com Face:\u00a0www.facebook.com\/sinserv.jequie<\/p>\n","protected":false},"author":1,"featured_media":0,"parent":0,"menu_order":0,"comment_status":"open","ping_status":"open","template":"","meta":{"footnotes":""},"class_list":["post-4020","page","type-page","status-publish","hentry"],"_links":{"self":[{"href":"https:\/\/sinservregional.com.br\/site\/index.php?rest_route=\/wp\/v2\/pages\/4020","targetHints":{"allow":["GET"]}}],"collection":[{"href":"https:\/\/sinservregional.com.br\/site\/index.php?rest_route=\/wp\/v2\/pages"}],"about":[{"href":"https:\/\/sinservregional.com.br\/site\/index.php?rest_route=\/wp\/v2\/types\/page"}],"author":[{"embeddable":true,"href":"https:\/\/sinservregional.com.br\/site\/index.php?rest_route=\/wp\/v2\/users\/1"}],"replies":[{"embeddable":true,"href":"https:\/\/sinservregional.com.br\/site\/index.php?rest_route=%2Fwp%2Fv2%2Fcomments&post=4020"}],"version-history":[{"count":6,"href":"https:\/\/sinservregional.com.br\/site\/index.php?rest_route=\/wp\/v2\/pages\/4020\/revisions"}],"predecessor-version":[{"id":12787,"href":"https:\/\/sinservregional.com.br\/site\/index.php?rest_route=\/wp\/v2\/pages\/4020\/revisions\/12787"}],"wp:attachment":[{"href":"https:\/\/sinservregional.com.br\/site\/index.php?rest_route=%2Fwp%2Fv2%2Fmedia&parent=4020"}],"curies":[{"name":"wp","href":"https:\/\/api.w.org\/{rel}","templated":true}]}}