{"id":3974,"date":"2015-03-12T11:41:17","date_gmt":"2015-03-12T11:41:17","guid":{"rendered":"http:\/\/sinservregional.com.br\/site\/?page_id=3974"},"modified":"2020-01-08T18:46:43","modified_gmt":"2020-01-08T18:46:43","slug":"legislacao","status":"publish","type":"page","link":"https:\/\/sinservregional.com.br\/site\/?page_id=3974","title":{"rendered":"Legisla\u00e7\u00e3o"},"content":{"rendered":"<ul>\n<li><a href=\"https:\/\/sinservregional.com.br\/site\/wp-content\/uploads\/2019\/04\/Resolu\u00e7\u00e3o-Interna_abril_2019.pdf\">SINSERV Resolu\u00e7\u00e3o Interna n\u00ba 01\/2019 &#8211; Disposi\u00e7\u00e3o sobre hor\u00e1rio de funcionamento do sindicato nos meses de abril e maio.<\/a><\/li>\n<li style=\"text-align: justify;\"><a href=\"https:\/\/www.ipmbrasil.org.br\/visualizar-publicacoes?cod=961&amp;file=32FCADB1239F1E2729AAE73E5F3B74BF&amp;type=edicao\" target=\"_blank\" rel=\"noopener noreferrer\">Decreto n.\u00ba 18.150 de 16\/03\/2017 &#8211; Lista definitiva de Enquadramento do Plano de Cargos (PCCR).<\/a><\/li>\n<li style=\"text-align: justify;\"><a href=\"http:\/\/www.jequie.ba.io.org.br\/diarioOficial\/download\/425\/1963\/0\" target=\"_blank\" rel=\"noopener noreferrer\">Decreto n.\u00ba 17.587 de 25\/11\/2016 &#8211; Lista de Enquadramento preliminar do Plano de Cargos (PCCR).<\/a><\/li>\n<li style=\"text-align: justify;\"><a href=\"http:\/\/impublicacoes.org\/trdados\/arquivos_agenda_2016\/07\/ae822846b10845a308629069ae3a82035783ad1d591b3.pdf\" target=\"_blank\" rel=\"noopener noreferrer\">LEI 1992\/2016 &#8211; DISP\u00d5E SOBRE A CRIA\u00c7\u00c3O DO PLANO DE CARGOS, CARREIRA E REMUNERA\u00c7\u00c3O (PCCR) DOS SERVIDORES P\u00daBLICOS DO MUNIC\u00cdPIO DE JEQUI\u00c9, BASE DO SINSERV.<\/a><\/li>\n<li style=\"text-align: justify;\"><a href=\"http:\/\/sinservregional.com.br\/files\/Lei1200.pdf\">LEI 1200 &#8211; DISP\u00d5E SOBRE A REORGANIZA\u00c7\u00c3O DO QUADRO DE PESSOAL DA PREFEITURA E D\u00c1 OUTRAS PROVID\u00caNCIAS.<\/a><\/li>\n<li><a href=\"https:\/\/sinservregional.com.br\/site\/wp-content\/uploads\/2020\/01\/07-01-2020-09.57.391-1.pdf\">Resolu\u00e3o n\u00ba 03\/2019-Disp\u00f5e sobre a emiss\u00e3o de documentos pela entidade aos associados mediante requerimento pr\u00e9vio<\/a><\/li>\n<\/ul>\n\n\n<p><\/p>\n","protected":false},"excerpt":{"rendered":"<p>SINSERV Resolu\u00e7\u00e3o Interna n\u00ba 01\/2019 &#8211; Disposi\u00e7\u00e3o sobre hor\u00e1rio de funcionamento do sindicato nos meses de abril e maio. Decreto n.\u00ba 18.150 de 16\/03\/2017 &#8211; Lista definitiva de Enquadramento do Plano de Cargos (PCCR). Decreto n.\u00ba 17.587 de 25\/11\/2016 &#8211; Lista de Enquadramento preliminar do Plano de Cargos (PCCR). LEI 1992\/2016 &#8211; DISP\u00d5E SOBRE A &hellip; <\/p>\n","protected":false},"author":1,"featured_media":0,"parent":0,"menu_order":0,"comment_status":"open","ping_status":"open","template":"","meta":{"footnotes":""},"class_list":["post-3974","page","type-page","status-publish","hentry"],"_links":{"self":[{"href":"https:\/\/sinservregional.com.br\/site\/index.php?rest_route=\/wp\/v2\/pages\/3974","targetHints":{"allow":["GET"]}}],"collection":[{"href":"https:\/\/sinservregional.com.br\/site\/index.php?rest_route=\/wp\/v2\/pages"}],"about":[{"href":"https:\/\/sinservregional.com.br\/site\/index.php?rest_route=\/wp\/v2\/types\/page"}],"author":[{"embeddable":true,"href":"https:\/\/sinservregional.com.br\/site\/index.php?rest_route=\/wp\/v2\/users\/1"}],"replies":[{"embeddable":true,"href":"https:\/\/sinservregional.com.br\/site\/index.php?rest_route=%2Fwp%2Fv2%2Fcomments&post=3974"}],"version-history":[{"count":8,"href":"https:\/\/sinservregional.com.br\/site\/index.php?rest_route=\/wp\/v2\/pages\/3974\/revisions"}],"predecessor-version":[{"id":9031,"href":"https:\/\/sinservregional.com.br\/site\/index.php?rest_route=\/wp\/v2\/pages\/3974\/revisions\/9031"}],"wp:attachment":[{"href":"https:\/\/sinservregional.com.br\/site\/index.php?rest_route=%2Fwp%2Fv2%2Fmedia&parent=3974"}],"curies":[{"name":"wp","href":"https:\/\/api.w.org\/{rel}","templated":true}]}}