{"id":3970,"date":"2015-03-12T11:39:14","date_gmt":"2015-03-12T11:39:14","guid":{"rendered":"http:\/\/sinservregional.com.br\/site\/?page_id=3970"},"modified":"2022-02-15T20:35:07","modified_gmt":"2022-02-15T20:35:07","slug":"quem-somos","status":"publish","type":"page","link":"https:\/\/sinservregional.com.br\/site\/?page_id=3970","title":{"rendered":"Quem Somos"},"content":{"rendered":"<p style=\"text-align: justify;\">Somos um sindicato de base regional com sede em Jequi\u00e9 fundado em 02 de outubro de 1991.\u00a0 Atuamos em defesa do servidor p\u00fablico municipal e desde 2009 estamos com base regional em v\u00e1rios munic\u00edpios: Aiquara, Apuarema, Barra do Rocha, Irajuba, Itagi, Itiru\u00e7u, Jequi\u00e9, Lafaiete Coutinho, Lajedo do Tabocal, Manoel Vitorino e Planaltino.<\/p>\n<div id=\"yiv1539182298yui_3_16_0_1_1425038905027_5106\" class=\"yiv1539182298\" style=\"text-align: justify;\"><span id=\"yiv1539182298yui_3_16_0_1_1425038905027_5105\" class=\"yiv1539182298\">A partir de uma associa\u00e7\u00e3o formada por servidores p\u00fablicos municipais de Jequi\u00e9, constitu\u00edda em car\u00e1ter permanente, por pessoas f\u00edsicas e jur\u00eddicas, foi fundado no munic\u00edpio o SINDSMUJE \u2013 Sindicato dos Servidores P\u00fablicos Municipais de Jequi\u00e9 com o objetivo de defender o servidor p\u00fablico municipal nos seus direitos, buscando melhorias, respeito e sal\u00e1rios dignos.\u00a0<\/span><\/div>\n<div><\/div>\n<div id=\"yiv1539182298yui_3_16_0_1_1425038905027_5108\" class=\"yiv1539182298\" style=\"text-align: justify;\"><span id=\"yiv1539182298yui_3_16_0_1_1425038905027_5107\" class=\"yiv1539182298\">Depois de muitas lutas e conquistas o sindicato e toda sua diretoria adquiriu mais for\u00e7a e avan\u00e7ou, tornado-se um sindicato regional, passando a se chamar <b id=\"yiv1539182298yui_3_16_0_1_1425038905027_5122\" class=\"yiv1539182298\">SINSERV &#8211; Sindicato dos Servidores P\u00fablicos Municipais de Jequi\u00e9 e Regi\u00e3o<\/b>.<\/span><\/div>\n<div><\/div>\n<div id=\"yiv1539182298yui_3_16_0_1_1425038905027_5110\" class=\"yiv1539182298\" style=\"text-align: justify;\"><span id=\"yiv1539182298yui_3_16_0_1_1425038905027_5109\" class=\"yiv1539182298\">H\u00e1 quase tr\u00eas d\u00e9cadas se preocupando com a situa\u00e7\u00e3o do servidor p\u00fablico municipal, o <\/span><span class=\"yiv1539182298\">SINSERV<\/span><span id=\"yiv1539182298yui_3_16_0_1_1425038905027_5111\" class=\"yiv1539182298\"> tem realizado um importante trabalho visando o melhor para a categoria, desde reajustes salarias, concursos p\u00fablicos, respeito aos direitos trabalhistas, efetiva\u00e7\u00e3o da luta classista dentre outros.<\/span><\/div>\n<div><\/div>\n<div id=\"yiv1539182298yui_3_16_0_1_1425038905027_5029\"><\/div>\n<div id=\"yiv1539182298yui_3_16_0_1_1425038905027_5113\" class=\"yiv1539182298\" style=\"text-align: justify;\"><span id=\"yiv1539182298yui_3_16_0_1_1425038905027_5112\" class=\"yiv1539182298\">O SINSERV REGIONAL \u00e9 o resultado da for\u00e7a de uma categoria que luta pelos seus direitos e nunca desanima, s\u00e3o muitos anos de conquistas e vit\u00f3rias de uma entidade respeitada e valorizada por toda a sociedade.<\/span><\/div>\n","protected":false},"excerpt":{"rendered":"<p>Somos um sindicato de base regional com sede em Jequi\u00e9 fundado em 02 de outubro de 1991.\u00a0 Atuamos em defesa do servidor p\u00fablico municipal e desde 2009 estamos com base regional em v\u00e1rios munic\u00edpios: Aiquara, Apuarema, Barra do Rocha, Irajuba, Itagi, Itiru\u00e7u, Jequi\u00e9, Lafaiete Coutinho, Lajedo do Tabocal, Manoel Vitorino e Planaltino. A partir de &hellip; <\/p>\n","protected":false},"author":1,"featured_media":0,"parent":0,"menu_order":0,"comment_status":"open","ping_status":"open","template":"","meta":{"footnotes":""},"class_list":["post-3970","page","type-page","status-publish","hentry"],"_links":{"self":[{"href":"https:\/\/sinservregional.com.br\/site\/index.php?rest_route=\/wp\/v2\/pages\/3970","targetHints":{"allow":["GET"]}}],"collection":[{"href":"https:\/\/sinservregional.com.br\/site\/index.php?rest_route=\/wp\/v2\/pages"}],"about":[{"href":"https:\/\/sinservregional.com.br\/site\/index.php?rest_route=\/wp\/v2\/types\/page"}],"author":[{"embeddable":true,"href":"https:\/\/sinservregional.com.br\/site\/index.php?rest_route=\/wp\/v2\/users\/1"}],"replies":[{"embeddable":true,"href":"https:\/\/sinservregional.com.br\/site\/index.php?rest_route=%2Fwp%2Fv2%2Fcomments&post=3970"}],"version-history":[{"count":6,"href":"https:\/\/sinservregional.com.br\/site\/index.php?rest_route=\/wp\/v2\/pages\/3970\/revisions"}],"predecessor-version":[{"id":11917,"href":"https:\/\/sinservregional.com.br\/site\/index.php?rest_route=\/wp\/v2\/pages\/3970\/revisions\/11917"}],"wp:attachment":[{"href":"https:\/\/sinservregional.com.br\/site\/index.php?rest_route=%2Fwp%2Fv2%2Fmedia&parent=3970"}],"curies":[{"name":"wp","href":"https:\/\/api.w.org\/{rel}","templated":true}]}}